{"id":16,"date":"2025-09-01T19:33:29","date_gmt":"2025-09-01T19:33:29","guid":{"rendered":"https:\/\/egebaharat.page\/?page_id=16"},"modified":"2025-09-06T16:12:13","modified_gmt":"2025-09-06T13:12:13","slug":"home","status":"publish","type":"page","link":"https:\/\/egebaharat.page\/","title":{"rendered":"Ege Baharat"},"content":{"rendered":"\n<!-- EGE BAHARAT \u2013 ANA SAYFA \u015eABLONU (Custom HTML blo\u011funa yap\u0131\u015ft\u0131r) -->\n<div class=\"eh-container\">\n\n  <!-- HERO -->\n  <section class=\"eh-section eh-hero\">\n    <div class=\"eh-hero-card\">\n      <h1>Ege Baharat<\/h1>\n      <p>Do\u011fal ve se\u00e7kin baharat katalo\u011fu<\/p>\n      <a class=\"wp-element-button eh-cta\" href=\"\/index.php\/shop\/\">\u00dcr\u00fcnleri Ke\u015ffet \u2192<\/a>\n\n      <div class=\"eh-features\" aria-label=\"\u00d6ne \u00e7\u0131kan nitelikler\">\n        <span class=\"eh-chip\">\ud83c\udf3f Do\u011fal Se\u00e7im<\/span>\n        <span class=\"eh-chip\">\ud83e\uddc2 Taze \u00d6\u011f\u00fct\u00fcm<\/span>\n        <span class=\"eh-chip\">\ud83d\udce6 \u00d6zenli Paketleme<\/span>\n      <\/div>\n    <\/div>\n  <\/section>\n\n  <!-- KATEGOR\u0130LER -->\n  <section class=\"eh-section eh-cats\">\n    <h2 class=\"eh-title\">Kategoriye G\u00f6re Ke\u015ffet<\/h2>\n    <p class=\"eh-sub\">Arad\u0131\u011f\u0131n\u0131 daha h\u0131zl\u0131 bul<\/p>\n\n    <div class=\"eh-grid\">\n      <!-- Linkleri kendi kategori slug\u2019lar\u0131na g\u00f6re de\u011fi\u015ftir -->\n      <article class=\"eh-cat\" style=\"background-image:url('https:\/\/images.unsplash.com\/photo-1546549039-49f8f2d62010?q=80&#038;w=1400&#038;auto=format&#038;fit=crop');\">\n        <a href=\"\/index.php\/product-category\/baharatlar\/\"><span class=\"eh-cat-name\">Baharatlar<\/span><\/a>\n      <\/article>\n\n      <article class=\"eh-cat\" style=\"background-image:url('https:\/\/images.unsplash.com\/photo-1604908554027-3925a9f5a1b6?q=80&#038;w=1400&#038;auto=format&#038;fit=crop');\">\n        <a href=\"\/index.php\/product-category\/tane-baharatlar\/\"><span class=\"eh-cat-name\">Tane Baharatlar<\/span><\/a>\n      <\/article>\n\n      <article class=\"eh-cat\" style=\"background-image:url('https:\/\/images.unsplash.com\/photo-1604908177053-bfdb580c6149?q=80&#038;w=1400&#038;auto=format&#038;fit=crop');\">\n        <a href=\"\/index.php\/product-category\/toz-baharatlar\/\"><span class=\"eh-cat-name\">Toz Baharatlar<\/span><\/a>\n      <\/article>\n\n      <article class=\"eh-cat\" style=\"background-image:url('https:\/\/images.unsplash.com\/photo-1564836235910-c24f97d36a59?q=80&#038;w=1400&#038;auto=format&#038;fit=crop');\">\n        <a href=\"\/index.php\/product-category\/karisimlar\/\"><span class=\"eh-cat-name\">Kar\u0131\u015f\u0131mlar<\/span><\/a>\n      <\/article>\n\n      <article class=\"eh-cat\" style=\"background-image:url('https:\/\/images.unsplash.com\/photo-1587039801698-24b9dcd8d90b?q=80&#038;w=1400&#038;auto=format&#038;fit=crop');\">\n        <a href=\"\/index.php\/product-category\/macunlar\/\"><span class=\"eh-cat-name\">Macunlar<\/span><\/a>\n      <\/article>\n\n      <article class=\"eh-cat\" style=\"background-image:url('https:\/\/images.unsplash.com\/photo-1604335399105-5f2cb93f8f02?q=80&#038;w=1400&#038;auto=format&#038;fit=crop');\">\n        <a href=\"\/index.php\/product-category\/cekirdek-tohum\/\"><span class=\"eh-cat-name\">\u00c7ekirdek &amp; Tohum<\/span><\/a>\n      <\/article>\n    <\/div>\n  <\/section>\n\n  <!-- \u00dcR\u00dcN V\u0130TR\u0130N\u0130 -->\n  <section class=\"eh-section home-products\">\n    <h2 class=\"eh-title\">Yeni \u00dcr\u00fcnler<\/h2>\n    <p class=\"eh-sub\">Katalo\u011fa son eklenenler<\/p>\n    <!-- Gutenberg'te yeni bir K\u0131sa Kod (Shortcode) blo\u011fu ekle:\n         [products orderby=\"date\" limit=\"8\" columns=\"4\"] -->\n  <\/section>\n\n  <!-- HAKKIMIZDA \/ B\u0130LG\u0130 -->\n  <section class=\"eh-section eh-about\">\n    <div class=\"eh-card\">\n      <h2 class=\"eh-title\">Ege\u2019nin Do\u011fas\u0131ndan<\/h2>\n      <p class=\"eh-sub\">Aromas\u0131n\u0131 do\u011fadan alan se\u00e7kin \u00fcr\u00fcnler<\/p>\n      <p>\n        Ege Baharat olarak, b\u00f6lgenin karakteristik aromalar\u0131n\u0131 \u00f6zenle se\u00e7iyor; temiz i\u00e7erik, taze \u00f6\u011f\u00fct\u00fcm ve\n        \u015feffaf tedarik yakla\u015f\u0131m\u0131yla katalog olu\u015fturuyoruz. Toplu al\u0131m veya \u00f6zel harman talepleri i\u00e7in bizimle ileti\u015fime ge\u00e7ebilirsiniz.\n      <\/p>\n      <a class=\"wp-element-button\" href=\"\/index.php\/iletisim\/\">\u0130leti\u015fime Ge\u00e7 \u2192<\/a>\n    <\/div>\n    <div class=\"eh-img\">\n      <!-- \u0130stersen buraya bir g\u00f6rsel ekleyebilirsin -->\n      <!-- <img decoding=\"async\" src=\"\/wp-content\/uploads\/hakkimizda.jpg\" alt=\"Ege Baharat\"> -->\n    <\/div>\n  <\/section>\n\n  <!-- CTA BANNER -->\n  <section class=\"eh-section eh-cta-banner\">\n    <h2 style=\"margin:0;\">Toplu Al\u0131m \u0130\u00e7in Teklif \u0130ste<\/h2>\n    <p>Men\u015fei, ambalaj ve \u00f6zel kar\u0131\u015f\u0131m se\u00e7enekleri ile toptan sipari\u015fleriniz i\u00e7in h\u0131zl\u0131 d\u00f6n\u00fc\u015f.<\/p>\n    <a class=\"wp-element-button\" href=\"\/index.php\/iletisim\/\">Teklif \u0130ste \u2192<\/a>\n  <\/section>\n\n<\/div>\n\n<!-- Hero logo i\u00e7in \u00e7ok k\u00fc\u00e7\u00fck bir yard\u0131mc\u0131 stil -->\n<style>\n  .eh-hero-logo{\n    display:inline-block;\n    width:120px; height:auto;\n    border-radius:16px; padding:8px;\n    background: var(--glass-strong);\n    border:1px solid var(--glass-line);\n    box-shadow: var(--shadow-2);\n    margin-bottom:12px;\n  }\n  @media (max-width:600px){ .eh-hero-logo{ width:96px; padding:6px } }\n<\/style>\n\n\n<div class=\"woocommerce columns-4 \"><ul class=\"products columns-4\">\n<li class=\"desktop-align-left tablet-align-left mobile-align-left product type-product post-236 status-publish first instock product_cat-macunlar has-post-thumbnail shipping-taxable product-type-simple\">\n\t<a href=\"https:\/\/egebaharat.page\/index.php\/product\/kis-cayi\/\" class=\"woocommerce-LoopProduct-link woocommerce-loop-product__link\"><img loading=\"lazy\" decoding=\"async\" width=\"300\" height=\"300\" src=\"https:\/\/egebaharat.page\/wp-content\/uploads\/2025\/09\/WhatsApp-Gorsel-2025-09-03-saat-10.28.43_0375bafc-300x300.jpg\" class=\"attachment-woocommerce_thumbnail size-woocommerce_thumbnail\" alt=\"k\u0131\u015f \u00e7ay\u0131\" srcset=\"https:\/\/egebaharat.page\/wp-content\/uploads\/2025\/09\/WhatsApp-Gorsel-2025-09-03-saat-10.28.43_0375bafc-300x300.jpg 300w, https:\/\/egebaharat.page\/wp-content\/uploads\/2025\/09\/WhatsApp-Gorsel-2025-09-03-saat-10.28.43_0375bafc-150x150.jpg 150w, https:\/\/egebaharat.page\/wp-content\/uploads\/2025\/09\/WhatsApp-Gorsel-2025-09-03-saat-10.28.43_0375bafc-100x100.jpg 100w\" sizes=\"auto, (max-width: 300px) 100vw, 300px\" \/><h2 class=\"woocommerce-loop-product__title\">k\u0131\u015f \u00e7ay\u0131<\/h2><div class=\"review-rating\"><div class=\"star-rating\"><span style=\"width:0%\">5 \u00fczerinden <strong class=\"rating\">0<\/strong> oy ald\u0131<\/span><\/div><\/div>\n<\/a><a href=\"https:\/\/egebaharat.page\/index.php\/product\/kis-cayi\/\" data-quantity=\"1\" class=\"ast-on-card-button ast-select-options-trigger product_type_simple\" data-product_id=\"236\" data-product_sku=\"\" aria-label=\"&ldquo;k\u0131\u015f \u00e7ay\u0131&rdquo; hakk\u0131nda daha fazla bilgi edinin\" rel=\"nofollow\"> <span class=\"ast-card-action-tooltip\"> Devam\u0131n\u0131 oku <\/span> <span class=\"ahfb-svg-iconset\"> <span class=\"ast-icon icon-bag\"><svg xmlns=\"http:\/\/www.w3.org\/2000\/svg\" xmlns:xlink=\"http:\/\/www.w3.org\/1999\/xlink\" version=\"1.1\" id=\"ast-bag-icon-svg\" x=\"0px\" y=\"0px\" width=\"100\" height=\"100\" viewBox=\"826 826 140 140\" enable-background=\"new 826 826 140 140\" xml:space=\"preserve\">\n\t\t\t\t<path d=\"M960.758,934.509l2.632,23.541c0.15,1.403-0.25,2.657-1.203,3.761c-0.953,1.053-2.156,1.579-3.61,1.579H833.424  c-1.454,0-2.657-0.526-3.61-1.579c-0.952-1.104-1.354-2.357-1.203-3.761l2.632-23.541H960.758z M953.763,871.405l6.468,58.29H831.77  l6.468-58.29c0.15-1.203,0.677-2.218,1.58-3.045c0.903-0.827,1.981-1.241,3.234-1.241h19.254v9.627c0,2.658,0.94,4.927,2.82,6.807  s4.149,2.82,6.807,2.82c2.658,0,4.926-0.94,6.807-2.82s2.821-4.149,2.821-6.807v-9.627h28.882v9.627  c0,2.658,0.939,4.927,2.819,6.807c1.881,1.88,4.149,2.82,6.807,2.82s4.927-0.94,6.808-2.82c1.879-1.88,2.82-4.149,2.82-6.807v-9.627  h19.253c1.255,0,2.332,0.414,3.235,1.241C953.086,869.187,953.612,870.202,953.763,871.405z M924.881,857.492v19.254  c0,1.304-0.476,2.432-1.429,3.385s-2.08,1.429-3.385,1.429c-1.303,0-2.432-0.477-3.384-1.429c-0.953-0.953-1.43-2.081-1.43-3.385  v-19.254c0-5.315-1.881-9.853-5.641-13.613c-3.76-3.761-8.298-5.641-13.613-5.641s-9.853,1.88-13.613,5.641  c-3.761,3.76-5.641,8.298-5.641,13.613v19.254c0,1.304-0.476,2.432-1.429,3.385c-0.953,0.953-2.081,1.429-3.385,1.429  c-1.303,0-2.432-0.477-3.384-1.429c-0.953-0.953-1.429-2.081-1.429-3.385v-19.254c0-7.973,2.821-14.779,8.461-20.42  c5.641-5.641,12.448-8.461,20.42-8.461c7.973,0,14.779,2.82,20.42,8.461C922.062,842.712,924.881,849.519,924.881,857.492z\" \/>\n\t\t\t\t<\/svg><\/span> <\/span> <\/a><\/li>\n<li class=\"desktop-align-left tablet-align-left mobile-align-left product type-product post-234 status-publish instock product_cat-macunlar has-post-thumbnail shipping-taxable product-type-simple\">\n\t<a href=\"https:\/\/egebaharat.page\/index.php\/product\/atom-biber\/\" class=\"woocommerce-LoopProduct-link woocommerce-loop-product__link\"><img loading=\"lazy\" decoding=\"async\" width=\"300\" height=\"300\" src=\"https:\/\/egebaharat.page\/wp-content\/uploads\/2025\/09\/WhatsApp-Gorsel-2025-09-08-saat-15.27.53_c5e45232-300x300.jpg\" class=\"attachment-woocommerce_thumbnail size-woocommerce_thumbnail\" alt=\"atom biber\" srcset=\"https:\/\/egebaharat.page\/wp-content\/uploads\/2025\/09\/WhatsApp-Gorsel-2025-09-08-saat-15.27.53_c5e45232-300x300.jpg 300w, https:\/\/egebaharat.page\/wp-content\/uploads\/2025\/09\/WhatsApp-Gorsel-2025-09-08-saat-15.27.53_c5e45232-150x150.jpg 150w, https:\/\/egebaharat.page\/wp-content\/uploads\/2025\/09\/WhatsApp-Gorsel-2025-09-08-saat-15.27.53_c5e45232-100x100.jpg 100w\" sizes=\"auto, (max-width: 300px) 100vw, 300px\" \/><h2 class=\"woocommerce-loop-product__title\">atom biber<\/h2><div class=\"review-rating\"><div class=\"star-rating\"><span style=\"width:0%\">5 \u00fczerinden <strong class=\"rating\">0<\/strong> oy ald\u0131<\/span><\/div><\/div>\n<\/a><a href=\"https:\/\/egebaharat.page\/index.php\/product\/atom-biber\/\" data-quantity=\"1\" class=\"ast-on-card-button ast-select-options-trigger product_type_simple\" data-product_id=\"234\" data-product_sku=\"\" aria-label=\"&ldquo;atom biber&rdquo; hakk\u0131nda daha fazla bilgi edinin\" rel=\"nofollow\"> <span class=\"ast-card-action-tooltip\"> Devam\u0131n\u0131 oku <\/span> <span class=\"ahfb-svg-iconset\"> <span class=\"ast-icon icon-bag\"><svg xmlns=\"http:\/\/www.w3.org\/2000\/svg\" xmlns:xlink=\"http:\/\/www.w3.org\/1999\/xlink\" version=\"1.1\" id=\"ast-bag-icon-svg\" x=\"0px\" y=\"0px\" width=\"100\" height=\"100\" viewBox=\"826 826 140 140\" enable-background=\"new 826 826 140 140\" xml:space=\"preserve\">\n\t\t\t\t<path d=\"M960.758,934.509l2.632,23.541c0.15,1.403-0.25,2.657-1.203,3.761c-0.953,1.053-2.156,1.579-3.61,1.579H833.424  c-1.454,0-2.657-0.526-3.61-1.579c-0.952-1.104-1.354-2.357-1.203-3.761l2.632-23.541H960.758z M953.763,871.405l6.468,58.29H831.77  l6.468-58.29c0.15-1.203,0.677-2.218,1.58-3.045c0.903-0.827,1.981-1.241,3.234-1.241h19.254v9.627c0,2.658,0.94,4.927,2.82,6.807  s4.149,2.82,6.807,2.82c2.658,0,4.926-0.94,6.807-2.82s2.821-4.149,2.821-6.807v-9.627h28.882v9.627  c0,2.658,0.939,4.927,2.819,6.807c1.881,1.88,4.149,2.82,6.807,2.82s4.927-0.94,6.808-2.82c1.879-1.88,2.82-4.149,2.82-6.807v-9.627  h19.253c1.255,0,2.332,0.414,3.235,1.241C953.086,869.187,953.612,870.202,953.763,871.405z M924.881,857.492v19.254  c0,1.304-0.476,2.432-1.429,3.385s-2.08,1.429-3.385,1.429c-1.303,0-2.432-0.477-3.384-1.429c-0.953-0.953-1.43-2.081-1.43-3.385  v-19.254c0-5.315-1.881-9.853-5.641-13.613c-3.76-3.761-8.298-5.641-13.613-5.641s-9.853,1.88-13.613,5.641  c-3.761,3.76-5.641,8.298-5.641,13.613v19.254c0,1.304-0.476,2.432-1.429,3.385c-0.953,0.953-2.081,1.429-3.385,1.429  c-1.303,0-2.432-0.477-3.384-1.429c-0.953-0.953-1.429-2.081-1.429-3.385v-19.254c0-7.973,2.821-14.779,8.461-20.42  c5.641-5.641,12.448-8.461,20.42-8.461c7.973,0,14.779,2.82,20.42,8.461C922.062,842.712,924.881,849.519,924.881,857.492z\" \/>\n\t\t\t\t<\/svg><\/span> <\/span> <\/a><\/li>\n<li class=\"desktop-align-left tablet-align-left mobile-align-left product type-product post-231 status-publish instock product_cat-macunlar has-post-thumbnail shipping-taxable product-type-simple\">\n\t<a href=\"https:\/\/egebaharat.page\/index.php\/product\/topul-kremi\/\" class=\"woocommerce-LoopProduct-link woocommerce-loop-product__link\"><img loading=\"lazy\" decoding=\"async\" width=\"300\" height=\"300\" src=\"https:\/\/egebaharat.page\/wp-content\/uploads\/2025\/09\/WhatsApp-Gorsel-2025-09-08-saat-15.23.12_dc8ea03a-300x300.jpg\" class=\"attachment-woocommerce_thumbnail size-woocommerce_thumbnail\" alt=\"topuk kremi\" srcset=\"https:\/\/egebaharat.page\/wp-content\/uploads\/2025\/09\/WhatsApp-Gorsel-2025-09-08-saat-15.23.12_dc8ea03a-300x300.jpg 300w, https:\/\/egebaharat.page\/wp-content\/uploads\/2025\/09\/WhatsApp-Gorsel-2025-09-08-saat-15.23.12_dc8ea03a-1024x1024.jpg 1024w, https:\/\/egebaharat.page\/wp-content\/uploads\/2025\/09\/WhatsApp-Gorsel-2025-09-08-saat-15.23.12_dc8ea03a-150x150.jpg 150w, https:\/\/egebaharat.page\/wp-content\/uploads\/2025\/09\/WhatsApp-Gorsel-2025-09-08-saat-15.23.12_dc8ea03a-768x767.jpg 768w, https:\/\/egebaharat.page\/wp-content\/uploads\/2025\/09\/WhatsApp-Gorsel-2025-09-08-saat-15.23.12_dc8ea03a-600x599.jpg 600w, https:\/\/egebaharat.page\/wp-content\/uploads\/2025\/09\/WhatsApp-Gorsel-2025-09-08-saat-15.23.12_dc8ea03a-100x100.jpg 100w, https:\/\/egebaharat.page\/wp-content\/uploads\/2025\/09\/WhatsApp-Gorsel-2025-09-08-saat-15.23.12_dc8ea03a.jpg 1184w\" sizes=\"auto, (max-width: 300px) 100vw, 300px\" \/><h2 class=\"woocommerce-loop-product__title\">topuk kremi<\/h2><div class=\"review-rating\"><div class=\"star-rating\"><span style=\"width:0%\">5 \u00fczerinden <strong class=\"rating\">0<\/strong> oy ald\u0131<\/span><\/div><\/div>\n<\/a><a href=\"https:\/\/egebaharat.page\/index.php\/product\/topul-kremi\/\" data-quantity=\"1\" class=\"ast-on-card-button ast-select-options-trigger product_type_simple\" data-product_id=\"231\" data-product_sku=\"\" aria-label=\"&ldquo;topuk kremi&rdquo; hakk\u0131nda daha fazla bilgi edinin\" rel=\"nofollow\"> <span class=\"ast-card-action-tooltip\"> Devam\u0131n\u0131 oku <\/span> <span class=\"ahfb-svg-iconset\"> <span class=\"ast-icon icon-bag\"><svg xmlns=\"http:\/\/www.w3.org\/2000\/svg\" xmlns:xlink=\"http:\/\/www.w3.org\/1999\/xlink\" version=\"1.1\" id=\"ast-bag-icon-svg\" x=\"0px\" y=\"0px\" width=\"100\" height=\"100\" viewBox=\"826 826 140 140\" enable-background=\"new 826 826 140 140\" xml:space=\"preserve\">\n\t\t\t\t<path d=\"M960.758,934.509l2.632,23.541c0.15,1.403-0.25,2.657-1.203,3.761c-0.953,1.053-2.156,1.579-3.61,1.579H833.424  c-1.454,0-2.657-0.526-3.61-1.579c-0.952-1.104-1.354-2.357-1.203-3.761l2.632-23.541H960.758z M953.763,871.405l6.468,58.29H831.77  l6.468-58.29c0.15-1.203,0.677-2.218,1.58-3.045c0.903-0.827,1.981-1.241,3.234-1.241h19.254v9.627c0,2.658,0.94,4.927,2.82,6.807  s4.149,2.82,6.807,2.82c2.658,0,4.926-0.94,6.807-2.82s2.821-4.149,2.821-6.807v-9.627h28.882v9.627  c0,2.658,0.939,4.927,2.819,6.807c1.881,1.88,4.149,2.82,6.807,2.82s4.927-0.94,6.808-2.82c1.879-1.88,2.82-4.149,2.82-6.807v-9.627  h19.253c1.255,0,2.332,0.414,3.235,1.241C953.086,869.187,953.612,870.202,953.763,871.405z M924.881,857.492v19.254  c0,1.304-0.476,2.432-1.429,3.385s-2.08,1.429-3.385,1.429c-1.303,0-2.432-0.477-3.384-1.429c-0.953-0.953-1.43-2.081-1.43-3.385  v-19.254c0-5.315-1.881-9.853-5.641-13.613c-3.76-3.761-8.298-5.641-13.613-5.641s-9.853,1.88-13.613,5.641  c-3.761,3.76-5.641,8.298-5.641,13.613v19.254c0,1.304-0.476,2.432-1.429,3.385c-0.953,0.953-2.081,1.429-3.385,1.429  c-1.303,0-2.432-0.477-3.384-1.429c-0.953-0.953-1.429-2.081-1.429-3.385v-19.254c0-7.973,2.821-14.779,8.461-20.42  c5.641-5.641,12.448-8.461,20.42-8.461c7.973,0,14.779,2.82,20.42,8.461C922.062,842.712,924.881,849.519,924.881,857.492z\" \/>\n\t\t\t\t<\/svg><\/span> <\/span> <\/a><\/li>\n<li class=\"desktop-align-left tablet-align-left mobile-align-left product type-product post-227 status-publish last instock product_cat-baharatlar product_cat-mutfak-baharati has-post-thumbnail shipping-taxable product-type-simple\">\n\t<a href=\"https:\/\/egebaharat.page\/index.php\/product\/cemen-baharati\/\" class=\"woocommerce-LoopProduct-link woocommerce-loop-product__link\"><img loading=\"lazy\" decoding=\"async\" width=\"300\" height=\"300\" src=\"https:\/\/egebaharat.page\/wp-content\/uploads\/2025\/09\/WhatsApp-Gorsel-2025-08-10-saat-15.23.31_b5f9edb6-300x300.jpg\" class=\"attachment-woocommerce_thumbnail size-woocommerce_thumbnail\" alt=\"\u00e7emen baharat\u0131\" srcset=\"https:\/\/egebaharat.page\/wp-content\/uploads\/2025\/09\/WhatsApp-Gorsel-2025-08-10-saat-15.23.31_b5f9edb6-300x300.jpg 300w, https:\/\/egebaharat.page\/wp-content\/uploads\/2025\/09\/WhatsApp-Gorsel-2025-08-10-saat-15.23.31_b5f9edb6-150x150.jpg 150w, https:\/\/egebaharat.page\/wp-content\/uploads\/2025\/09\/WhatsApp-Gorsel-2025-08-10-saat-15.23.31_b5f9edb6-100x100.jpg 100w\" sizes=\"auto, (max-width: 300px) 100vw, 300px\" \/><h2 class=\"woocommerce-loop-product__title\">\u00e7emen baharat\u0131<\/h2><div class=\"review-rating\"><div class=\"star-rating\"><span style=\"width:0%\">5 \u00fczerinden <strong class=\"rating\">0<\/strong> oy ald\u0131<\/span><\/div><\/div>\n<\/a><a href=\"https:\/\/egebaharat.page\/index.php\/product\/cemen-baharati\/\" data-quantity=\"1\" class=\"ast-on-card-button ast-select-options-trigger product_type_simple\" data-product_id=\"227\" data-product_sku=\"\" aria-label=\"&ldquo;\u00e7emen baharat\u0131&rdquo; hakk\u0131nda daha fazla bilgi edinin\" rel=\"nofollow\"> <span class=\"ast-card-action-tooltip\"> Devam\u0131n\u0131 oku <\/span> <span class=\"ahfb-svg-iconset\"> <span class=\"ast-icon icon-bag\"><svg xmlns=\"http:\/\/www.w3.org\/2000\/svg\" xmlns:xlink=\"http:\/\/www.w3.org\/1999\/xlink\" version=\"1.1\" id=\"ast-bag-icon-svg\" x=\"0px\" y=\"0px\" width=\"100\" height=\"100\" viewBox=\"826 826 140 140\" enable-background=\"new 826 826 140 140\" xml:space=\"preserve\">\n\t\t\t\t<path d=\"M960.758,934.509l2.632,23.541c0.15,1.403-0.25,2.657-1.203,3.761c-0.953,1.053-2.156,1.579-3.61,1.579H833.424  c-1.454,0-2.657-0.526-3.61-1.579c-0.952-1.104-1.354-2.357-1.203-3.761l2.632-23.541H960.758z M953.763,871.405l6.468,58.29H831.77  l6.468-58.29c0.15-1.203,0.677-2.218,1.58-3.045c0.903-0.827,1.981-1.241,3.234-1.241h19.254v9.627c0,2.658,0.94,4.927,2.82,6.807  s4.149,2.82,6.807,2.82c2.658,0,4.926-0.94,6.807-2.82s2.821-4.149,2.821-6.807v-9.627h28.882v9.627  c0,2.658,0.939,4.927,2.819,6.807c1.881,1.88,4.149,2.82,6.807,2.82s4.927-0.94,6.808-2.82c1.879-1.88,2.82-4.149,2.82-6.807v-9.627  h19.253c1.255,0,2.332,0.414,3.235,1.241C953.086,869.187,953.612,870.202,953.763,871.405z M924.881,857.492v19.254  c0,1.304-0.476,2.432-1.429,3.385s-2.08,1.429-3.385,1.429c-1.303,0-2.432-0.477-3.384-1.429c-0.953-0.953-1.43-2.081-1.43-3.385  v-19.254c0-5.315-1.881-9.853-5.641-13.613c-3.76-3.761-8.298-5.641-13.613-5.641s-9.853,1.88-13.613,5.641  c-3.761,3.76-5.641,8.298-5.641,13.613v19.254c0,1.304-0.476,2.432-1.429,3.385c-0.953,0.953-2.081,1.429-3.385,1.429  c-1.303,0-2.432-0.477-3.384-1.429c-0.953-0.953-1.429-2.081-1.429-3.385v-19.254c0-7.973,2.821-14.779,8.461-20.42  c5.641-5.641,12.448-8.461,20.42-8.461c7.973,0,14.779,2.82,20.42,8.461C922.062,842.712,924.881,849.519,924.881,857.492z\" \/>\n\t\t\t\t<\/svg><\/span> <\/span> <\/a><\/li>\n<li class=\"desktop-align-left tablet-align-left mobile-align-left product type-product post-118 status-publish first instock product_cat-macunlar has-post-thumbnail shipping-taxable product-type-simple\">\n\t<a href=\"https:\/\/egebaharat.page\/index.php\/product\/masaj-kremi\/\" class=\"woocommerce-LoopProduct-link woocommerce-loop-product__link\"><img loading=\"lazy\" decoding=\"async\" width=\"300\" height=\"300\" src=\"https:\/\/egebaharat.page\/wp-content\/uploads\/2025\/09\/AnyDesk_jAdM6A9odc-300x300.png\" class=\"attachment-woocommerce_thumbnail size-woocommerce_thumbnail\" alt=\"Masaj Kremi\" srcset=\"https:\/\/egebaharat.page\/wp-content\/uploads\/2025\/09\/AnyDesk_jAdM6A9odc-300x300.png 300w, https:\/\/egebaharat.page\/wp-content\/uploads\/2025\/09\/AnyDesk_jAdM6A9odc-150x150.png 150w, https:\/\/egebaharat.page\/wp-content\/uploads\/2025\/09\/AnyDesk_jAdM6A9odc-100x100.png 100w\" sizes=\"auto, (max-width: 300px) 100vw, 300px\" \/><h2 class=\"woocommerce-loop-product__title\">Masaj Kremi<\/h2><div class=\"review-rating\"><div class=\"star-rating\"><span style=\"width:0%\">5 \u00fczerinden <strong class=\"rating\">0<\/strong> oy ald\u0131<\/span><\/div><\/div>\n<\/a><a href=\"https:\/\/egebaharat.page\/index.php\/product\/masaj-kremi\/\" data-quantity=\"1\" class=\"ast-on-card-button ast-select-options-trigger product_type_simple\" data-product_id=\"118\" data-product_sku=\"\" aria-label=\"&ldquo;Masaj Kremi&rdquo; hakk\u0131nda daha fazla bilgi edinin\" rel=\"nofollow\"> <span class=\"ast-card-action-tooltip\"> Devam\u0131n\u0131 oku <\/span> <span class=\"ahfb-svg-iconset\"> <span class=\"ast-icon icon-bag\"><svg xmlns=\"http:\/\/www.w3.org\/2000\/svg\" xmlns:xlink=\"http:\/\/www.w3.org\/1999\/xlink\" version=\"1.1\" id=\"ast-bag-icon-svg\" x=\"0px\" y=\"0px\" width=\"100\" height=\"100\" viewBox=\"826 826 140 140\" enable-background=\"new 826 826 140 140\" xml:space=\"preserve\">\n\t\t\t\t<path d=\"M960.758,934.509l2.632,23.541c0.15,1.403-0.25,2.657-1.203,3.761c-0.953,1.053-2.156,1.579-3.61,1.579H833.424  c-1.454,0-2.657-0.526-3.61-1.579c-0.952-1.104-1.354-2.357-1.203-3.761l2.632-23.541H960.758z M953.763,871.405l6.468,58.29H831.77  l6.468-58.29c0.15-1.203,0.677-2.218,1.58-3.045c0.903-0.827,1.981-1.241,3.234-1.241h19.254v9.627c0,2.658,0.94,4.927,2.82,6.807  s4.149,2.82,6.807,2.82c2.658,0,4.926-0.94,6.807-2.82s2.821-4.149,2.821-6.807v-9.627h28.882v9.627  c0,2.658,0.939,4.927,2.819,6.807c1.881,1.88,4.149,2.82,6.807,2.82s4.927-0.94,6.808-2.82c1.879-1.88,2.82-4.149,2.82-6.807v-9.627  h19.253c1.255,0,2.332,0.414,3.235,1.241C953.086,869.187,953.612,870.202,953.763,871.405z M924.881,857.492v19.254  c0,1.304-0.476,2.432-1.429,3.385s-2.08,1.429-3.385,1.429c-1.303,0-2.432-0.477-3.384-1.429c-0.953-0.953-1.43-2.081-1.43-3.385  v-19.254c0-5.315-1.881-9.853-5.641-13.613c-3.76-3.761-8.298-5.641-13.613-5.641s-9.853,1.88-13.613,5.641  c-3.761,3.76-5.641,8.298-5.641,13.613v19.254c0,1.304-0.476,2.432-1.429,3.385c-0.953,0.953-2.081,1.429-3.385,1.429  c-1.303,0-2.432-0.477-3.384-1.429c-0.953-0.953-1.429-2.081-1.429-3.385v-19.254c0-7.973,2.821-14.779,8.461-20.42  c5.641-5.641,12.448-8.461,20.42-8.461c7.973,0,14.779,2.82,20.42,8.461C922.062,842.712,924.881,849.519,924.881,857.492z\" \/>\n\t\t\t\t<\/svg><\/span> <\/span> <\/a><\/li>\n<\/ul>\n<\/div>\n\n\n\n<p><\/p>\n","protected":false},"excerpt":{"rendered":"<p>Ege Baharat Do\u011fal ve se\u00e7kin baharat katalo\u011fu \u00dcr\u00fcnleri Ke\u015ffet \u2192 \ud83c\udf3f Do\u011fal Se\u00e7im \ud83e\uddc2 Taze \u00d6\u011f\u00fct\u00fcm \ud83d\udce6 \u00d6zenli Paketleme Kategoriye [&hellip;]<\/p>\n","protected":false},"author":1,"featured_media":0,"parent":0,"menu_order":0,"comment_status":"closed","ping_status":"closed","template":"","meta":{"site-sidebar-layout":"no-sidebar","site-content-layout":"plain-container","ast-site-content-layout":"default","site-content-style":"default","site-sidebar-style":"default","ast-global-header-display":"","ast-banner-title-visibility":"","ast-main-header-display":"","ast-hfb-above-header-display":"","ast-hfb-below-header-display":"","ast-hfb-mobile-header-display":"","site-post-title":"disabled","ast-breadcrumbs-content":"","ast-featured-img":"","footer-sml-layout":"","theme-transparent-header-meta":"enabled","adv-header-id-meta":"","stick-header-meta":"","header-above-stick-meta":"","header-main-stick-meta":"","header-below-stick-meta":"","astra-migrate-meta-layouts":"default","ast-page-background-enabled":"default","ast-page-background-meta":{"desktop":{"background-color":"var(--ast-global-color-5)","background-image":"","background-repeat":"repeat","background-position":"center center","background-size":"auto","background-attachment":"scroll","background-type":"","background-media":"","overlay-type":"","overlay-color":"","overlay-opacity":"","overlay-gradient":""},"tablet":{"background-color":"","background-image":"","background-repeat":"repeat","background-position":"center center","background-size":"auto","background-attachment":"scroll","background-type":"","background-media":"","overlay-type":"","overlay-color":"","overlay-opacity":"","overlay-gradient":""},"mobile":{"background-color":"","background-image":"","background-repeat":"repeat","background-position":"center center","background-size":"auto","background-attachment":"scroll","background-type":"","background-media":"","overlay-type":"","overlay-color":"","overlay-opacity":"","overlay-gradient":""}},"ast-content-background-meta":{"desktop":{"background-color":"var(--ast-global-color-4)","background-image":"","background-repeat":"repeat","background-position":"center center","background-size":"auto","background-attachment":"scroll","background-type":"","background-media":"","overlay-type":"","overlay-color":"","overlay-opacity":"","overlay-gradient":""},"tablet":{"background-color":"var(--ast-global-color-4)","background-image":"","background-repeat":"repeat","background-position":"center center","background-size":"auto","background-attachment":"scroll","background-type":"","background-media":"","overlay-type":"","overlay-color":"","overlay-opacity":"","overlay-gradient":""},"mobile":{"background-color":"var(--ast-global-color-4)","background-image":"","background-repeat":"repeat","background-position":"center center","background-size":"auto","background-attachment":"scroll","background-type":"","background-media":"","overlay-type":"","overlay-color":"","overlay-opacity":"","overlay-gradient":""}},"footnotes":""},"class_list":["post-16","page","type-page","status-publish","hentry"],"_links":{"self":[{"href":"https:\/\/egebaharat.page\/index.php\/wp-json\/wp\/v2\/pages\/16","targetHints":{"allow":["GET"]}}],"collection":[{"href":"https:\/\/egebaharat.page\/index.php\/wp-json\/wp\/v2\/pages"}],"about":[{"href":"https:\/\/egebaharat.page\/index.php\/wp-json\/wp\/v2\/types\/page"}],"author":[{"embeddable":true,"href":"https:\/\/egebaharat.page\/index.php\/wp-json\/wp\/v2\/users\/1"}],"replies":[{"embeddable":true,"href":"https:\/\/egebaharat.page\/index.php\/wp-json\/wp\/v2\/comments?post=16"}],"version-history":[{"count":15,"href":"https:\/\/egebaharat.page\/index.php\/wp-json\/wp\/v2\/pages\/16\/revisions"}],"predecessor-version":[{"id":217,"href":"https:\/\/egebaharat.page\/index.php\/wp-json\/wp\/v2\/pages\/16\/revisions\/217"}],"wp:attachment":[{"href":"https:\/\/egebaharat.page\/index.php\/wp-json\/wp\/v2\/media?parent=16"}],"curies":[{"name":"wp","href":"https:\/\/api.w.org\/{rel}","templated":true}]}}